{"id":3,"date":"2026-01-28T22:35:28","date_gmt":"2026-01-28T22:35:28","guid":{"rendered":"https:\/\/catenaalfa.rs\/?page_id=3"},"modified":"2026-02-06T22:18:54","modified_gmt":"2026-02-06T22:18:54","slug":"privacy-policy","status":"publish","type":"page","link":"https:\/\/catenaalfa.rs\/en\/privacy-policy\/","title":{"rendered":"Privacy Policy"},"content":{"rendered":"<div data-elementor-type=\"wp-page\" data-elementor-id=\"3\" class=\"elementor elementor-3\">\n\t\t\t\t<div class=\"elementor-element elementor-element-734157a7 e-flex e-con-boxed e-con e-parent\" data-id=\"734157a7\" data-element_type=\"container\" data-e-type=\"container\">\n\t\t\t\t\t<div class=\"e-con-inner\">\n\t\t\t\t<div class=\"elementor-element elementor-element-fc9d884 elementor-hidden-desktop elementor-widget elementor-widget-heading\" data-id=\"fc9d884\" data-element_type=\"widget\" data-e-type=\"widget\" data-widget_type=\"heading.default\">\n\t\t\t\t<div class=\"elementor-widget-container\">\n\t\t\t\t\t<h2 class=\"elementor-heading-title elementor-size-default\">Privacy Policy<\/h2>\t\t\t\t<\/div>\n\t\t\t\t<\/div>\n\t\t\t\t<div class=\"elementor-element elementor-element-4797e80 elementor-widget elementor-widget-text-editor\" data-id=\"4797e80\" data-element_type=\"widget\" data-e-type=\"widget\" data-widget_type=\"text-editor.default\">\n\t\t\t\t<div class=\"elementor-widget-container\">\n\t\t\t\t\t\t\t\t\t\n<h2 class=\"wp-block-heading\">Who We Are<\/h2>\n\n<p>The address of our website is https:\/\/catenaalfa.rs<br \/><br \/>If you have any questions, suggestions, or comments regarding the content of this website, our privacy policy, data processing, or any other material on the site, you can contact us via the contact form or the email address provided on the website. We strive to respond to all inquiries as promptly as possible.<\/p>\n\n<h2 class=\"wp-block-heading\">Media Content<\/h2>\n\n<p class=\"translation-block\">The images used on this website have been sourced from platforms that allow free use in accordance with the following licences: https:\/\/www.pexels.com\/license\/\n and https:\/\/pixabay.com\/service\/license-summary\/<\/p>\n\n<h2 class=\"wp-block-heading\">Cookies<\/h2>\n\n<p>We do not use cookies.<\/p>\n\n<h2 class=\"wp-block-heading\">Embedded Content from Other Websites<\/h2>\n\n<p class=\"translation-block\">Articles on this website may contain embedded content (e.g., videos, images, articles, etc.).\nEmbedded content from other websites behaves in the same way as if you had visited the other website directly.<\/p>\n\n<h2 class=\"wp-block-heading\">Who We Share Your Data With<\/h2>\n\n<p>We do not collect data, and therefore, we do not share any data.<\/p>\n\t\t\t\t\t\t\t\t<\/div>\n\t\t\t\t<\/div>\n\t\t\t\t\t<\/div>\n\t\t\t\t<\/div>\n\t\t\t\t<\/div>","protected":false},"excerpt":{"rendered":"<p>Privacy Policy Ko smo mi Adresa na\u0161eg veb-sajta je https:\/\/catenaalfa.rs Ako imate pitanja sugestije ili primedbe u vezi sa sadr\u017eajem ovog sajta, politikom privatnosti, obradom podataka ili sadr\u017eajem na sajtu, mo\u017eete nas kontaktirati putem kontakt forme ili email adrese navedene na sajtu. Nastojimo da na sve upite odgovorimo u najkra\u0107em mogu\u0107em roku. Medijski sadr\u017eaj Napomena [&hellip;]<\/p>\n","protected":false},"author":1,"featured_media":0,"parent":0,"menu_order":0,"comment_status":"closed","ping_status":"closed","template":"","meta":{"site-sidebar-layout":"default","site-content-layout":"","ast-site-content-layout":"default","site-content-style":"default","site-sidebar-style":"default","ast-global-header-display":"","ast-banner-title-visibility":"","ast-main-header-display":"","ast-hfb-above-header-display":"","ast-hfb-below-header-display":"","ast-hfb-mobile-header-display":"","site-post-title":"","ast-breadcrumbs-content":"","ast-featured-img":"","footer-sml-layout":"","ast-disable-related-posts":"","theme-transparent-header-meta":"","adv-header-id-meta":"","stick-header-meta":"","header-above-stick-meta":"","header-main-stick-meta":"","header-below-stick-meta":"","astra-migrate-meta-layouts":"set","ast-page-background-enabled":"default","ast-page-background-meta":{"desktop":{"background-color":"","background-image":"","background-repeat":"repeat","background-position":"center center","background-size":"auto","background-attachment":"scroll","background-type":"","background-media":"","overlay-type":"","overlay-color":"","overlay-opacity":"","overlay-gradient":""},"tablet":{"background-color":"","background-image":"","background-repeat":"repeat","background-position":"center center","background-size":"auto","background-attachment":"scroll","background-type":"","background-media":"","overlay-type":"","overlay-color":"","overlay-opacity":"","overlay-gradient":""},"mobile":{"background-color":"","background-image":"","background-repeat":"repeat","background-position":"center center","background-size":"auto","background-attachment":"scroll","background-type":"","background-media":"","overlay-type":"","overlay-color":"","overlay-opacity":"","overlay-gradient":""}},"ast-content-background-meta":{"desktop":{"background-color":"var(--ast-global-color-5)","background-image":"","background-repeat":"repeat","background-position":"center center","background-size":"auto","background-attachment":"scroll","background-type":"","background-media":"","overlay-type":"","overlay-color":"","overlay-opacity":"","overlay-gradient":""},"tablet":{"background-color":"var(--ast-global-color-5)","background-image":"","background-repeat":"repeat","background-position":"center center","background-size":"auto","background-attachment":"scroll","background-type":"","background-media":"","overlay-type":"","overlay-color":"","overlay-opacity":"","overlay-gradient":""},"mobile":{"background-color":"var(--ast-global-color-5)","background-image":"","background-repeat":"repeat","background-position":"center center","background-size":"auto","background-attachment":"scroll","background-type":"","background-media":"","overlay-type":"","overlay-color":"","overlay-opacity":"","overlay-gradient":""}},"footnotes":""},"class_list":["post-3","page","type-page","status-publish","hentry"],"_links":{"self":[{"href":"https:\/\/catenaalfa.rs\/en\/wp-json\/wp\/v2\/pages\/3","targetHints":{"allow":["GET"]}}],"collection":[{"href":"https:\/\/catenaalfa.rs\/en\/wp-json\/wp\/v2\/pages"}],"about":[{"href":"https:\/\/catenaalfa.rs\/en\/wp-json\/wp\/v2\/types\/page"}],"author":[{"embeddable":true,"href":"https:\/\/catenaalfa.rs\/en\/wp-json\/wp\/v2\/users\/1"}],"replies":[{"embeddable":true,"href":"https:\/\/catenaalfa.rs\/en\/wp-json\/wp\/v2\/comments?post=3"}],"version-history":[{"count":7,"href":"https:\/\/catenaalfa.rs\/en\/wp-json\/wp\/v2\/pages\/3\/revisions"}],"predecessor-version":[{"id":2416,"href":"https:\/\/catenaalfa.rs\/en\/wp-json\/wp\/v2\/pages\/3\/revisions\/2416"}],"wp:attachment":[{"href":"https:\/\/catenaalfa.rs\/en\/wp-json\/wp\/v2\/media?parent=3"}],"curies":[{"name":"wp","href":"https:\/\/api.w.org\/{rel}","templated":true}]}}